{"id":208,"date":"2022-02-11T13:12:00","date_gmt":"2022-02-11T12:12:00","guid":{"rendered":"https:\/\/cdu-fraktion-hm.de\/wp\/?page_id=208"},"modified":"2025-09-30T18:22:20","modified_gmt":"2025-09-30T16:22:20","slug":"fraktionsmitglieder","status":"publish","type":"page","link":"https:\/\/cdu-fraktion-hm.de\/wp\/","title":{"rendered":"Fraktionsmitglieder"},"content":{"rendered":"\n<p><strong>&#8222;Wege entstehen dadurch, dass man sie geht.&#8220; (Franz Kafka) &#8211; Sei 2026 mit uns dabei!<\/strong><\/p>\n\n\n\n<p>Seit der Kommunalwahl 2021 ist die CDU Hameln mit einer 12-k\u00f6pfigen Fraktion im Rat der Stadt Hameln vertreten:<\/p>\n\n\n\n<p><strong>Birgit Albrecht<\/strong>, <strong><em>Fraktionsvorsitzende<\/em><\/strong><br>(Wahlbereich 4)<\/p>\n\n\n\n<figure class=\"wp-block-image size-large is-resized\"><img loading=\"lazy\" decoding=\"async\" width=\"768\" height=\"1024\" src=\"https:\/\/cdu-fraktion-hm.de\/wp\/wp-content\/uploads\/2025\/06\/20250601-BA-768x1024.jpg\" alt=\"\" class=\"wp-image-767\" style=\"aspect-ratio:3\/4;object-fit:cover;width:176px\" srcset=\"https:\/\/cdu-fraktion-hm.de\/wp\/wp-content\/uploads\/2025\/06\/20250601-BA-768x1024.jpg 768w, https:\/\/cdu-fraktion-hm.de\/wp\/wp-content\/uploads\/2025\/06\/20250601-BA-225x300.jpg 225w, https:\/\/cdu-fraktion-hm.de\/wp\/wp-content\/uploads\/2025\/06\/20250601-BA-1152x1536.jpg 1152w, https:\/\/cdu-fraktion-hm.de\/wp\/wp-content\/uploads\/2025\/06\/20250601-BA.jpg 1325w\" sizes=\"auto, (max-width: 768px) 100vw, 768px\" \/><\/figure>\n\n\n\n<p>Mitglied in folgenden Ratsaussch\u00fcssen: <\/p>\n\n\n\n<ul class=\"wp-block-list\">\n<li>Beigeordnete im Verwaltungsausschuss<\/li>\n\n\n\n<li>Familie, Kindertagesst\u00e4tten, Schulen und Sport<\/li>\n\n\n\n<li>Finanzen, Wirtschaft und Verkehr<\/li>\n<\/ul>\n\n\n\n<p>____________________<\/p>\n\n\n\n<p><strong><strong>Jobst-Werner Br\u00fcggemann<\/strong>, <strong><em>stellv. Fraktionsvorsitzender<\/em><\/strong><br><\/strong>(Wahlbereich 4)<\/p>\n\n\n\n<figure class=\"wp-block-image size-large is-resized\"><img loading=\"lazy\" decoding=\"async\" width=\"803\" height=\"1024\" src=\"https:\/\/cdu-fraktion-hm.de\/wp\/wp-content\/uploads\/2022\/02\/J.W.Brueggemann-Kopie-2-803x1024.jpg\" alt=\"\" class=\"wp-image-423\" style=\"width:173px;height:220px\" srcset=\"https:\/\/cdu-fraktion-hm.de\/wp\/wp-content\/uploads\/2022\/02\/J.W.Brueggemann-Kopie-2-803x1024.jpg 803w, https:\/\/cdu-fraktion-hm.de\/wp\/wp-content\/uploads\/2022\/02\/J.W.Brueggemann-Kopie-2-235x300.jpg 235w, https:\/\/cdu-fraktion-hm.de\/wp\/wp-content\/uploads\/2022\/02\/J.W.Brueggemann-Kopie-2-768x979.jpg 768w, https:\/\/cdu-fraktion-hm.de\/wp\/wp-content\/uploads\/2022\/02\/J.W.Brueggemann-Kopie-2-1205x1536.jpg 1205w, https:\/\/cdu-fraktion-hm.de\/wp\/wp-content\/uploads\/2022\/02\/J.W.Brueggemann-Kopie-2-1606x2048.jpg 1606w, https:\/\/cdu-fraktion-hm.de\/wp\/wp-content\/uploads\/2022\/02\/J.W.Brueggemann-Kopie-2-520x663.jpg 520w, https:\/\/cdu-fraktion-hm.de\/wp\/wp-content\/uploads\/2022\/02\/J.W.Brueggemann-Kopie-2-740x943.jpg 740w, https:\/\/cdu-fraktion-hm.de\/wp\/wp-content\/uploads\/2022\/02\/J.W.Brueggemann-Kopie-2-scaled.jpg 2008w\" sizes=\"auto, (max-width: 803px) 100vw, 803px\" \/><\/figure>\n\n\n\n<p>Mitglied in folgenden Ratsaussch\u00fcssen:<\/p>\n\n\n\n<p><\/p>\n\n\n\n<ul class=\"wp-block-list\">\n<li>Recht und Sicherheit<\/li>\n\n\n\n<li>Beigeordneter im Verwaltungsausschuss<\/li>\n<\/ul>\n\n\n\n<p>____________________<\/p>\n\n\n\n<p><strong>Thorsten Sander, <em>stellv. Fraktionsvorsitzender<\/em><\/strong><br>(Wahlbereich 1)<\/p>\n\n\n\n<figure class=\"wp-block-image size-large is-resized\"><img loading=\"lazy\" decoding=\"async\" width=\"749\" height=\"1024\" src=\"https:\/\/cdu-fraktion-hm.de\/wp\/wp-content\/uploads\/2022\/02\/T.Sander-Kopie-2-749x1024.jpg\" alt=\"\" class=\"wp-image-424\" style=\"width:177px;height:242px\" srcset=\"https:\/\/cdu-fraktion-hm.de\/wp\/wp-content\/uploads\/2022\/02\/T.Sander-Kopie-2-749x1024.jpg 749w, https:\/\/cdu-fraktion-hm.de\/wp\/wp-content\/uploads\/2022\/02\/T.Sander-Kopie-2-220x300.jpg 220w, https:\/\/cdu-fraktion-hm.de\/wp\/wp-content\/uploads\/2022\/02\/T.Sander-Kopie-2-768x1050.jpg 768w, https:\/\/cdu-fraktion-hm.de\/wp\/wp-content\/uploads\/2022\/02\/T.Sander-Kopie-2-1124x1536.jpg 1124w, https:\/\/cdu-fraktion-hm.de\/wp\/wp-content\/uploads\/2022\/02\/T.Sander-Kopie-2-1499x2048.jpg 1499w, https:\/\/cdu-fraktion-hm.de\/wp\/wp-content\/uploads\/2022\/02\/T.Sander-Kopie-2-520x711.jpg 520w, https:\/\/cdu-fraktion-hm.de\/wp\/wp-content\/uploads\/2022\/02\/T.Sander-Kopie-2-740x1011.jpg 740w, https:\/\/cdu-fraktion-hm.de\/wp\/wp-content\/uploads\/2022\/02\/T.Sander-Kopie-2-scaled.jpg 1873w\" sizes=\"auto, (max-width: 749px) 100vw, 749px\" \/><\/figure>\n\n\n\n<p>Mitglied in folgenden Ratsaussch\u00fcssen:<\/p>\n\n\n\n<ul class=\"wp-block-list\">\n<li>Stadtentwicklung (Vorsitzender)<\/li>\n\n\n\n<li>Finanzen, Personal und Wirtschaft<\/li>\n<\/ul>\n\n\n\n<p>_________________________<\/p>\n\n\n\n<p><strong>Birgit Hart<em>, Fraktionsgesch\u00e4ftsf\u00fchrerin<\/em><\/strong><br>(Wahlbereich 3)<\/p>\n\n\n\n<figure class=\"wp-block-image size-large is-resized\"><img loading=\"lazy\" decoding=\"async\" width=\"820\" height=\"1024\" src=\"https:\/\/cdu-fraktion-hm.de\/wp\/wp-content\/uploads\/2022\/02\/B.Hart-Kopie-2-820x1024.jpg\" alt=\"\" class=\"wp-image-429\" style=\"width:190px;height:238px\" srcset=\"https:\/\/cdu-fraktion-hm.de\/wp\/wp-content\/uploads\/2022\/02\/B.Hart-Kopie-2-820x1024.jpg 820w, https:\/\/cdu-fraktion-hm.de\/wp\/wp-content\/uploads\/2022\/02\/B.Hart-Kopie-2-240x300.jpg 240w, https:\/\/cdu-fraktion-hm.de\/wp\/wp-content\/uploads\/2022\/02\/B.Hart-Kopie-2-768x959.jpg 768w, https:\/\/cdu-fraktion-hm.de\/wp\/wp-content\/uploads\/2022\/02\/B.Hart-Kopie-2-1230x1536.jpg 1230w, https:\/\/cdu-fraktion-hm.de\/wp\/wp-content\/uploads\/2022\/02\/B.Hart-Kopie-2-1640x2048.jpg 1640w, https:\/\/cdu-fraktion-hm.de\/wp\/wp-content\/uploads\/2022\/02\/B.Hart-Kopie-2-520x649.jpg 520w, https:\/\/cdu-fraktion-hm.de\/wp\/wp-content\/uploads\/2022\/02\/B.Hart-Kopie-2-740x924.jpg 740w, https:\/\/cdu-fraktion-hm.de\/wp\/wp-content\/uploads\/2022\/02\/B.Hart-Kopie-2.jpg 1976w\" sizes=\"auto, (max-width: 820px) 100vw, 820px\" \/><\/figure>\n\n\n\n<p>Mitglied in folgenden Ratsaussch\u00fcssen:<\/p>\n\n\n\n<ul class=\"wp-block-list\">\n<li>Kultur (stellv. Vorsitzende)<\/li>\n\n\n\n<li>Familie, Kindertagesst\u00e4tten, Schulen und Sport<\/li>\n\n\n\n<li>Stellvertreterin im Verwaltungsausschuss<\/li>\n<\/ul>\n\n\n\n<p>_________________________<\/p>\n\n\n\n<p><strong>Dr. Hanns Martin L\u00fccke<em>, Beisitzer im Fraktionsvorstand<\/em><\/strong><br>(Wahlbereich 2)<\/p>\n\n\n\n<figure class=\"wp-block-image size-large is-resized\"><img loading=\"lazy\" decoding=\"async\" width=\"801\" height=\"1024\" src=\"https:\/\/cdu-fraktion-hm.de\/wp\/wp-content\/uploads\/2022\/02\/H.Dr_.Luecke-Kopie-2-801x1024.jpg\" alt=\"\" class=\"wp-image-431\" style=\"width:191px;height:244px\" srcset=\"https:\/\/cdu-fraktion-hm.de\/wp\/wp-content\/uploads\/2022\/02\/H.Dr_.Luecke-Kopie-2-801x1024.jpg 801w, https:\/\/cdu-fraktion-hm.de\/wp\/wp-content\/uploads\/2022\/02\/H.Dr_.Luecke-Kopie-2-235x300.jpg 235w, https:\/\/cdu-fraktion-hm.de\/wp\/wp-content\/uploads\/2022\/02\/H.Dr_.Luecke-Kopie-2-768x981.jpg 768w, https:\/\/cdu-fraktion-hm.de\/wp\/wp-content\/uploads\/2022\/02\/H.Dr_.Luecke-Kopie-2-1202x1536.jpg 1202w, https:\/\/cdu-fraktion-hm.de\/wp\/wp-content\/uploads\/2022\/02\/H.Dr_.Luecke-Kopie-2-1603x2048.jpg 1603w, https:\/\/cdu-fraktion-hm.de\/wp\/wp-content\/uploads\/2022\/02\/H.Dr_.Luecke-Kopie-2-520x665.jpg 520w, https:\/\/cdu-fraktion-hm.de\/wp\/wp-content\/uploads\/2022\/02\/H.Dr_.Luecke-Kopie-2-740x946.jpg 740w, https:\/\/cdu-fraktion-hm.de\/wp\/wp-content\/uploads\/2022\/02\/H.Dr_.Luecke-Kopie-2.jpg 1993w\" sizes=\"auto, (max-width: 801px) 100vw, 801px\" \/><\/figure>\n\n\n\n<p>Mitglied in folgenden Ratsaussch\u00fcssen:<\/p>\n\n\n\n<ul class=\"wp-block-list\">\n<li>Umwelt (Vorsitzender)<\/li>\n\n\n\n<li>Kultur<\/li>\n\n\n\n<li>Stellvertreter im Verwaltungsausschuss<\/li>\n<\/ul>\n\n\n\n<p>____________________<\/p>\n\n\n\n<p><strong>Murat Bas<\/strong><br>(Wahlbereich 5)<\/p>\n\n\n\n<figure class=\"wp-block-image size-large is-resized\"><img loading=\"lazy\" decoding=\"async\" width=\"778\" height=\"1024\" src=\"https:\/\/cdu-fraktion-hm.de\/wp\/wp-content\/uploads\/2022\/02\/M.Bas-Kopie-2-778x1024.jpg\" alt=\"\" class=\"wp-image-426\" style=\"width:178px;height:234px\" srcset=\"https:\/\/cdu-fraktion-hm.de\/wp\/wp-content\/uploads\/2022\/02\/M.Bas-Kopie-2-778x1024.jpg 778w, https:\/\/cdu-fraktion-hm.de\/wp\/wp-content\/uploads\/2022\/02\/M.Bas-Kopie-2-228x300.jpg 228w, https:\/\/cdu-fraktion-hm.de\/wp\/wp-content\/uploads\/2022\/02\/M.Bas-Kopie-2-768x1011.jpg 768w, https:\/\/cdu-fraktion-hm.de\/wp\/wp-content\/uploads\/2022\/02\/M.Bas-Kopie-2-1167x1536.jpg 1167w, https:\/\/cdu-fraktion-hm.de\/wp\/wp-content\/uploads\/2022\/02\/M.Bas-Kopie-2-1556x2048.jpg 1556w, https:\/\/cdu-fraktion-hm.de\/wp\/wp-content\/uploads\/2022\/02\/M.Bas-Kopie-2-520x684.jpg 520w, https:\/\/cdu-fraktion-hm.de\/wp\/wp-content\/uploads\/2022\/02\/M.Bas-Kopie-2-740x974.jpg 740w, https:\/\/cdu-fraktion-hm.de\/wp\/wp-content\/uploads\/2022\/02\/M.Bas-Kopie-2-scaled.jpg 1945w\" sizes=\"auto, (max-width: 778px) 100vw, 778px\" \/><\/figure>\n\n\n\n<p>Mitglied in folgenden Ratsaussch\u00fcssen:<\/p>\n\n\n\n<ul class=\"wp-block-list\">\n<li>Familie, Kindertagesst\u00e4tten, Schulen und Sport<\/li>\n\n\n\n<li>Recht und Sicherheit<\/li>\n\n\n\n<li>Kultur<\/li>\n<\/ul>\n\n\n\n<p>____________________<\/p>\n\n\n\n<p><strong>Martin Br\u00fcggemann<\/strong><br>(Wahlbezirk 3)<\/p>\n\n\n\n<figure class=\"wp-block-image size-large is-resized\"><img loading=\"lazy\" decoding=\"async\" width=\"760\" height=\"1024\" src=\"https:\/\/cdu-fraktion-hm.de\/wp\/wp-content\/uploads\/2022\/02\/M.Brueggemann-Kopie-2-760x1024.jpg\" alt=\"\" class=\"wp-image-427\" style=\"width:182px;height:245px\" srcset=\"https:\/\/cdu-fraktion-hm.de\/wp\/wp-content\/uploads\/2022\/02\/M.Brueggemann-Kopie-2-760x1024.jpg 760w, https:\/\/cdu-fraktion-hm.de\/wp\/wp-content\/uploads\/2022\/02\/M.Brueggemann-Kopie-2-223x300.jpg 223w, https:\/\/cdu-fraktion-hm.de\/wp\/wp-content\/uploads\/2022\/02\/M.Brueggemann-Kopie-2-768x1034.jpg 768w, https:\/\/cdu-fraktion-hm.de\/wp\/wp-content\/uploads\/2022\/02\/M.Brueggemann-Kopie-2-1141x1536.jpg 1141w, https:\/\/cdu-fraktion-hm.de\/wp\/wp-content\/uploads\/2022\/02\/M.Brueggemann-Kopie-2-1521x2048.jpg 1521w, https:\/\/cdu-fraktion-hm.de\/wp\/wp-content\/uploads\/2022\/02\/M.Brueggemann-Kopie-2-520x700.jpg 520w, https:\/\/cdu-fraktion-hm.de\/wp\/wp-content\/uploads\/2022\/02\/M.Brueggemann-Kopie-2-740x997.jpg 740w, https:\/\/cdu-fraktion-hm.de\/wp\/wp-content\/uploads\/2022\/02\/M.Brueggemann-Kopie-2-scaled.jpg 1901w\" sizes=\"auto, (max-width: 760px) 100vw, 760px\" \/><\/figure>\n\n\n\n<p>Mitglied in folgendem Ratsausschuss:<\/p>\n\n\n\n<ul class=\"wp-block-list\">\n<li>Recht und Sicherheit<\/li>\n<\/ul>\n\n\n\n<p>____________________<br><strong>Uwe Burhenne<\/strong><br>(Wahlbereich 6)<\/p>\n\n\n\n<figure class=\"wp-block-image size-large is-resized\"><img loading=\"lazy\" decoding=\"async\" width=\"759\" height=\"1024\" src=\"https:\/\/cdu-fraktion-hm.de\/wp\/wp-content\/uploads\/2022\/02\/U.Burhenne-Kopie-2-1-759x1024.jpg\" alt=\"\" class=\"wp-image-440\" style=\"width:183px;height:247px\" srcset=\"https:\/\/cdu-fraktion-hm.de\/wp\/wp-content\/uploads\/2022\/02\/U.Burhenne-Kopie-2-1-759x1024.jpg 759w, https:\/\/cdu-fraktion-hm.de\/wp\/wp-content\/uploads\/2022\/02\/U.Burhenne-Kopie-2-1-222x300.jpg 222w, https:\/\/cdu-fraktion-hm.de\/wp\/wp-content\/uploads\/2022\/02\/U.Burhenne-Kopie-2-1-768x1036.jpg 768w, https:\/\/cdu-fraktion-hm.de\/wp\/wp-content\/uploads\/2022\/02\/U.Burhenne-Kopie-2-1-1139x1536.jpg 1139w, https:\/\/cdu-fraktion-hm.de\/wp\/wp-content\/uploads\/2022\/02\/U.Burhenne-Kopie-2-1-1518x2048.jpg 1518w, https:\/\/cdu-fraktion-hm.de\/wp\/wp-content\/uploads\/2022\/02\/U.Burhenne-Kopie-2-1-520x701.jpg 520w, https:\/\/cdu-fraktion-hm.de\/wp\/wp-content\/uploads\/2022\/02\/U.Burhenne-Kopie-2-1-740x998.jpg 740w, https:\/\/cdu-fraktion-hm.de\/wp\/wp-content\/uploads\/2022\/02\/U.Burhenne-Kopie-2-1-scaled.jpg 1898w\" sizes=\"auto, (max-width: 759px) 100vw, 759px\" \/><\/figure>\n\n\n\n<p>Mitglied in folgenden Ratsaussch\u00fcssen:<\/p>\n\n\n\n<ul class=\"wp-block-list\">\n<li>Stadtentwicklung<\/li>\n\n\n\n<li>Umwelt, Nachhaltigkeit und Klimaschutz<\/li>\n<\/ul>\n\n\n\n<p>____________________<\/p>\n\n\n\n<p><strong>Timo Drollinger<\/strong><br>(Wahlbereich 6)<\/p>\n\n\n\n<figure class=\"wp-block-image size-large is-resized\"><img loading=\"lazy\" decoding=\"async\" width=\"683\" height=\"1024\" src=\"https:\/\/cdu-fraktion-hm.de\/wp\/wp-content\/uploads\/2022\/02\/Timo-Drollinger-683x1024.jpg\" alt=\"\" class=\"wp-image-428\" style=\"width:181px;height:272px\" srcset=\"https:\/\/cdu-fraktion-hm.de\/wp\/wp-content\/uploads\/2022\/02\/Timo-Drollinger-683x1024.jpg 683w, https:\/\/cdu-fraktion-hm.de\/wp\/wp-content\/uploads\/2022\/02\/Timo-Drollinger-200x300.jpg 200w, https:\/\/cdu-fraktion-hm.de\/wp\/wp-content\/uploads\/2022\/02\/Timo-Drollinger-768x1152.jpg 768w, https:\/\/cdu-fraktion-hm.de\/wp\/wp-content\/uploads\/2022\/02\/Timo-Drollinger-1024x1536.jpg 1024w, https:\/\/cdu-fraktion-hm.de\/wp\/wp-content\/uploads\/2022\/02\/Timo-Drollinger-1365x2048.jpg 1365w, https:\/\/cdu-fraktion-hm.de\/wp\/wp-content\/uploads\/2022\/02\/Timo-Drollinger-520x780.jpg 520w, https:\/\/cdu-fraktion-hm.de\/wp\/wp-content\/uploads\/2022\/02\/Timo-Drollinger-740x1110.jpg 740w, https:\/\/cdu-fraktion-hm.de\/wp\/wp-content\/uploads\/2022\/02\/Timo-Drollinger-scaled.jpg 1707w\" sizes=\"auto, (max-width: 683px) 100vw, 683px\" \/><\/figure>\n\n\n\n<p>Mitglied in folgenden Ratsaussch\u00fcssen:<\/p>\n\n\n\n<ul class=\"wp-block-list\">\n<li>Finanzen, Personal und Wirtschaft (stellv. Vorsitzender)<\/li>\n\n\n\n<li>Stadtentwicklung<\/li>\n<\/ul>\n\n\n\n<p>____________________<\/p>\n\n\n\n<p><strong>Carola Hinrichs-Leiseberg<\/strong><br>(Wahlbereich 6)<\/p>\n\n\n\n<figure class=\"wp-block-image size-large is-resized\"><img loading=\"lazy\" decoding=\"async\" width=\"832\" height=\"1024\" src=\"https:\/\/cdu-fraktion-hm.de\/wp\/wp-content\/uploads\/2024\/05\/C.-Hinrichs-Leiseberg-Kopie-832x1024.jpg\" alt=\"\" class=\"wp-image-454\" style=\"width:183px;height:auto\" srcset=\"https:\/\/cdu-fraktion-hm.de\/wp\/wp-content\/uploads\/2024\/05\/C.-Hinrichs-Leiseberg-Kopie-832x1024.jpg 832w, https:\/\/cdu-fraktion-hm.de\/wp\/wp-content\/uploads\/2024\/05\/C.-Hinrichs-Leiseberg-Kopie-244x300.jpg 244w, https:\/\/cdu-fraktion-hm.de\/wp\/wp-content\/uploads\/2024\/05\/C.-Hinrichs-Leiseberg-Kopie-768x946.jpg 768w, https:\/\/cdu-fraktion-hm.de\/wp\/wp-content\/uploads\/2024\/05\/C.-Hinrichs-Leiseberg-Kopie-1247x1536.jpg 1247w, https:\/\/cdu-fraktion-hm.de\/wp\/wp-content\/uploads\/2024\/05\/C.-Hinrichs-Leiseberg-Kopie-1663x2048.jpg 1663w, https:\/\/cdu-fraktion-hm.de\/wp\/wp-content\/uploads\/2024\/05\/C.-Hinrichs-Leiseberg-Kopie-520x640.jpg 520w, https:\/\/cdu-fraktion-hm.de\/wp\/wp-content\/uploads\/2024\/05\/C.-Hinrichs-Leiseberg-Kopie-740x911.jpg 740w, https:\/\/cdu-fraktion-hm.de\/wp\/wp-content\/uploads\/2024\/05\/C.-Hinrichs-Leiseberg-Kopie.jpg 1793w\" sizes=\"auto, (max-width: 832px) 100vw, 832px\" \/><\/figure>\n\n\n\n<p>Mitglied in folgenden Ratsaussch\u00fcssen:<\/p>\n\n\n\n<ul class=\"wp-block-list\">\n<li>Familien, Kindertagesst\u00e4tten, Schulen und Sport<\/li>\n\n\n\n<li>Umwelt, Nachhaltigkeit und Klimaschutz<\/li>\n<\/ul>\n\n\n\n<p>_________________________<\/p>\n\n\n\n<p><strong>Dirk Hothan<\/strong><br>(Wahlbereich 1)<\/p>\n\n\n\n<figure class=\"wp-block-image size-large is-resized\"><img loading=\"lazy\" decoding=\"async\" width=\"955\" height=\"1024\" src=\"https:\/\/cdu-fraktion-hm.de\/wp\/wp-content\/uploads\/2025\/06\/20250106-DH-955x1024.jpg\" alt=\"\" class=\"wp-image-759\" style=\"aspect-ratio:0.75;object-fit:cover;width:199px;height:auto\" srcset=\"https:\/\/cdu-fraktion-hm.de\/wp\/wp-content\/uploads\/2025\/06\/20250106-DH-955x1024.jpg 955w, https:\/\/cdu-fraktion-hm.de\/wp\/wp-content\/uploads\/2025\/06\/20250106-DH-280x300.jpg 280w, https:\/\/cdu-fraktion-hm.de\/wp\/wp-content\/uploads\/2025\/06\/20250106-DH-768x824.jpg 768w, https:\/\/cdu-fraktion-hm.de\/wp\/wp-content\/uploads\/2025\/06\/20250106-DH-1432x1536.jpg 1432w, https:\/\/cdu-fraktion-hm.de\/wp\/wp-content\/uploads\/2025\/06\/20250106-DH.jpg 1492w\" sizes=\"auto, (max-width: 955px) 100vw, 955px\" \/><\/figure>\n\n\n\n<p>Mitglied in folgenden Ratsaussch\u00fcssen:<\/p>\n\n\n\n<ul class=\"wp-block-list\">\n<li>Finanzen, Personal und Wirtschaft<\/li>\n\n\n\n<li>Stadtentwicklung<\/li>\n\n\n\n<li>Stellvertreter im Verwaltungsausschuss<\/li>\n<\/ul>\n\n\n\n<p>____________________<\/p>\n\n\n\n<p><strong>Gerhard Paschwitz <\/strong><br>(Wahlbereich 2)<\/p>\n\n\n\n<figure class=\"wp-block-image size-large is-resized\"><img loading=\"lazy\" decoding=\"async\" width=\"785\" height=\"1024\" src=\"https:\/\/cdu-fraktion-hm.de\/wp\/wp-content\/uploads\/2022\/02\/G.Paschwitz-Kopie-bearbeitet-2-785x1024.jpg\" alt=\"\" class=\"wp-image-432\" style=\"width:194px;height:253px\" srcset=\"https:\/\/cdu-fraktion-hm.de\/wp\/wp-content\/uploads\/2022\/02\/G.Paschwitz-Kopie-bearbeitet-2-785x1024.jpg 785w, https:\/\/cdu-fraktion-hm.de\/wp\/wp-content\/uploads\/2022\/02\/G.Paschwitz-Kopie-bearbeitet-2-230x300.jpg 230w, https:\/\/cdu-fraktion-hm.de\/wp\/wp-content\/uploads\/2022\/02\/G.Paschwitz-Kopie-bearbeitet-2-768x1002.jpg 768w, https:\/\/cdu-fraktion-hm.de\/wp\/wp-content\/uploads\/2022\/02\/G.Paschwitz-Kopie-bearbeitet-2-1178x1536.jpg 1178w, https:\/\/cdu-fraktion-hm.de\/wp\/wp-content\/uploads\/2022\/02\/G.Paschwitz-Kopie-bearbeitet-2-1570x2048.jpg 1570w, https:\/\/cdu-fraktion-hm.de\/wp\/wp-content\/uploads\/2022\/02\/G.Paschwitz-Kopie-bearbeitet-2-520x678.jpg 520w, https:\/\/cdu-fraktion-hm.de\/wp\/wp-content\/uploads\/2022\/02\/G.Paschwitz-Kopie-bearbeitet-2-740x965.jpg 740w, https:\/\/cdu-fraktion-hm.de\/wp\/wp-content\/uploads\/2022\/02\/G.Paschwitz-Kopie-bearbeitet-2-scaled.jpg 1963w\" sizes=\"auto, (max-width: 785px) 100vw, 785px\" \/><\/figure>\n\n\n\n<p>Mitglied in folgenden Ratsaussch\u00fcssen:<\/p>\n\n\n\n<ul class=\"wp-block-list\">\n<li>Beigeordneter im Verwaltungsausschuss<\/li>\n\n\n\n<li>Umwelt, Nachhaltigkeit, Klimaschutz<\/li>\n\n\n\n<li>Recht und Sicherheit<\/li>\n\n\n\n<li>Kultur<\/li>\n<\/ul>\n\n\n\n<p><\/p>\n","protected":false},"excerpt":{"rendered":"<p>&#8222;Wege entstehen dadurch, dass man sie geht.&#8220; (Franz Kafka) &#8211; Sei 2026 mit uns dabei! Seit der Kommunalwahl 2021 ist die CDU Hameln mit einer 12-k\u00f6pfigen Fraktion im Rat der Stadt Hameln vertreten: Birgit Albrecht, Fraktionsvorsitzende(Wahlbereich 4) Mitglied in folgenden Ratsaussch\u00fcssen: ____________________ Jobst-Werner Br\u00fcggemann, stellv. Fraktionsvorsitzender(Wahlbereich 4) Mitglied in folgenden Ratsaussch\u00fcssen: ____________________ Thorsten Sander, stellv&#8230;.<\/p>\n<p class=\"more-link-wrap\"><a href=\"https:\/\/cdu-fraktion-hm.de\/wp\/\" class=\"more-link\">Read More<span class=\"screen-reader-text\"> &ldquo;Fraktionsmitglieder&rdquo;<\/span> &raquo;<\/a><\/p>\n","protected":false},"author":2,"featured_media":0,"parent":0,"menu_order":0,"comment_status":"closed","ping_status":"closed","template":"","meta":{"footnotes":""},"class_list":["post-208","page","type-page","status-publish","hentry"],"_links":{"self":[{"href":"https:\/\/cdu-fraktion-hm.de\/wp\/index.php?rest_route=\/wp\/v2\/pages\/208","targetHints":{"allow":["GET"]}}],"collection":[{"href":"https:\/\/cdu-fraktion-hm.de\/wp\/index.php?rest_route=\/wp\/v2\/pages"}],"about":[{"href":"https:\/\/cdu-fraktion-hm.de\/wp\/index.php?rest_route=\/wp\/v2\/types\/page"}],"author":[{"embeddable":true,"href":"https:\/\/cdu-fraktion-hm.de\/wp\/index.php?rest_route=\/wp\/v2\/users\/2"}],"replies":[{"embeddable":true,"href":"https:\/\/cdu-fraktion-hm.de\/wp\/index.php?rest_route=%2Fwp%2Fv2%2Fcomments&post=208"}],"version-history":[{"count":41,"href":"https:\/\/cdu-fraktion-hm.de\/wp\/index.php?rest_route=\/wp\/v2\/pages\/208\/revisions"}],"predecessor-version":[{"id":981,"href":"https:\/\/cdu-fraktion-hm.de\/wp\/index.php?rest_route=\/wp\/v2\/pages\/208\/revisions\/981"}],"wp:attachment":[{"href":"https:\/\/cdu-fraktion-hm.de\/wp\/index.php?rest_route=%2Fwp%2Fv2%2Fmedia&parent=208"}],"curies":[{"name":"wp","href":"https:\/\/api.w.org\/{rel}","templated":true}]}}