{"id":238,"date":"2020-07-21T13:57:48","date_gmt":"2020-07-21T11:57:48","guid":{"rendered":"https:\/\/cdu-fraktion-hm.de\/wp\/?page_id=238"},"modified":"2024-09-08T19:44:47","modified_gmt":"2024-09-08T17:44:47","slug":"ratsausschuesse","status":"publish","type":"page","link":"https:\/\/cdu-fraktion-hm.de\/wp\/?page_id=238","title":{"rendered":"Ratsaussch\u00fcsse"},"content":{"rendered":"\n<h2 class=\"wp-block-heading has-vivid-red-color has-text-color\">Verwaltungsausschuss<\/h2>\n\n\n\n<p>Birgit Albrecht<br>Jobst-Werner Br\u00fcggemann <br>Gerhard Paschwitz <br><br><strong>Stellvertretungen: <\/strong><br>Birgit Hart<br>Dirk Hothan<br>Dr. Hanns-Martin L\u00fccke<\/p>\n\n\n\n<h2 class=\"wp-block-heading has-luminous-vivid-orange-color has-text-color\">Familie, Kindertagesst\u00e4tten, Schulen und Sport<\/h2>\n\n\n\n<p>Birgit Albrecht<br>Murat Bas<br>Birgit Hart<br>Carola Hinrichs-Leiseberg<br><\/p>\n\n\n\n<h2 class=\"wp-block-heading has-vivid-cyan-blue-color has-text-color\">Finanzen, Personal und Wirtschaft<\/h2>\n\n\n\n<p>Birgit Abrecht<br>Timo Drollinger (stellv. Vorsitzender)<br>Dirk Hothan<br>Thorsten Sander<\/p>\n\n\n\n<h2 class=\"wp-block-heading has-vivid-purple-color has-text-color\">Kultur<\/h2>\n\n\n\n<p>Murat Bas<br>Birgit Hart (stellv. Vorsitzende)<br>Dr. Hanns-Martin L\u00fccke<br>Gerhard Paschwitz<\/p>\n\n\n\n<h2 class=\"wp-block-heading has-luminous-vivid-orange-color has-text-color\">Recht und Sicherheit<\/h2>\n\n\n\n<p>Murat Bas<br>Jobst-Werner Br\u00fcggemann <br>Martin Br\u00fcggemann<br>Gerhard Paschwitz<\/p>\n\n\n\n<h2 class=\"wp-block-heading has-vivid-cyan-blue-color has-text-color\">Stadtentwicklung<\/h2>\n\n\n\n<p>Uwe Burhenne<br>Timo Drollinger<br>Dirk Hothan<br>Thorsten Sander (Vorsitzender)<br><\/p>\n\n\n\n<h2 class=\"wp-block-heading has-vivid-green-cyan-color has-text-color\">Umwelt, Nachhaltigkeit und Klimaschutz<\/h2>\n\n\n\n<p>Uwe Burhenne<br>Carola Hinrichs-Leiseberg<br>Dr. Hanns-Martin L\u00fccke (Vorsitzender)<br>Gerhard Paschwitz<br><\/p>\n","protected":false},"excerpt":{"rendered":"<p>Verwaltungsausschuss Birgit AlbrechtJobst-Werner Br\u00fcggemann Gerhard Paschwitz Stellvertretungen: Birgit HartDirk HothanDr. Hanns-Martin L\u00fccke Familie, Kindertagesst\u00e4tten, Schulen und Sport Birgit AlbrechtMurat BasBirgit HartCarola Hinrichs-Leiseberg Finanzen, Personal und Wirtschaft Birgit AbrechtTimo Drollinger (stellv. Vorsitzender)Dirk HothanThorsten Sander Kultur Murat BasBirgit Hart (stellv. Vorsitzende)Dr. Hanns-Martin L\u00fcckeGerhard Paschwitz Recht und Sicherheit Murat BasJobst-Werner Br\u00fcggemann Martin Br\u00fcggemannGerhard Paschwitz Stadtentwicklung Uwe BurhenneTimo DrollingerDirk&#8230;<\/p>\n<p class=\"more-link-wrap\"><a href=\"https:\/\/cdu-fraktion-hm.de\/wp\/?page_id=238\" class=\"more-link\">Read More<span class=\"screen-reader-text\"> &ldquo;Ratsaussch\u00fcsse&rdquo;<\/span> &raquo;<\/a><\/p>\n","protected":false},"author":3,"featured_media":0,"parent":0,"menu_order":0,"comment_status":"closed","ping_status":"closed","template":"","meta":{"footnotes":""},"class_list":["post-238","page","type-page","status-publish","hentry"],"_links":{"self":[{"href":"https:\/\/cdu-fraktion-hm.de\/wp\/index.php?rest_route=\/wp\/v2\/pages\/238","targetHints":{"allow":["GET"]}}],"collection":[{"href":"https:\/\/cdu-fraktion-hm.de\/wp\/index.php?rest_route=\/wp\/v2\/pages"}],"about":[{"href":"https:\/\/cdu-fraktion-hm.de\/wp\/index.php?rest_route=\/wp\/v2\/types\/page"}],"author":[{"embeddable":true,"href":"https:\/\/cdu-fraktion-hm.de\/wp\/index.php?rest_route=\/wp\/v2\/users\/3"}],"replies":[{"embeddable":true,"href":"https:\/\/cdu-fraktion-hm.de\/wp\/index.php?rest_route=%2Fwp%2Fv2%2Fcomments&post=238"}],"version-history":[{"count":9,"href":"https:\/\/cdu-fraktion-hm.de\/wp\/index.php?rest_route=\/wp\/v2\/pages\/238\/revisions"}],"predecessor-version":[{"id":580,"href":"https:\/\/cdu-fraktion-hm.de\/wp\/index.php?rest_route=\/wp\/v2\/pages\/238\/revisions\/580"}],"wp:attachment":[{"href":"https:\/\/cdu-fraktion-hm.de\/wp\/index.php?rest_route=%2Fwp%2Fv2%2Fmedia&parent=238"}],"curies":[{"name":"wp","href":"https:\/\/api.w.org\/{rel}","templated":true}]}}