{"id":240,"date":"2020-07-21T14:00:40","date_gmt":"2020-07-21T12:00:40","guid":{"rendered":"https:\/\/cdu-fraktion-hm.de\/wp\/?page_id=240"},"modified":"2025-05-29T14:06:00","modified_gmt":"2025-05-29T12:06:00","slug":"kontakt","status":"publish","type":"page","link":"https:\/\/cdu-fraktion-hm.de\/wp\/?page_id=240","title":{"rendered":"Kontakt"},"content":{"rendered":"\n<h2 class=\"wp-block-heading\" id=\"cdu-fraktion-im-rat-der-stadt-hamelnburo-christiana-arndtrathausplatz-1-31785-hamelntelefon-0-51-51-4-18-50fax-0-51-51-40-41-92e-mail-cdu-fraktion-hm-t-online-de\">CDU-Fraktion im Rat der Stadt Hameln<br><\/h2>\n\n\n\n<p><strong>&#8222;F\u00fcr unsere B\u00fcrger und unser lebens- und liebenswertes Hameln.&#8220;<\/strong><\/p>\n\n\n\n<p class=\"has-text-align-left\">Unser Fraktionsb\u00fcro wird von unserem ehrenamtlichen Mitarbeiter Matthias Albrecht gef\u00fchrt und ist nicht zu festen Zeiten besetzt.<\/p>\n\n\n\n<p>F\u00fcr eine pers\u00f6nliche Terminabsprache und zur Kontaktaufnahme rufen Sie uns gern an!<\/p>\n\n\n\n<p><strong>Telefon: 0 51 51 &#8211; 4 18 50<br>Mobil: 0178 884 24 65<\/strong><\/p>\n\n\n\n<p><strong>oder schreiben Sie uns eine E-Mail an:<br><a href=\"mailto:cdu-fraktion-hm@t-online.de\" data-type=\"mailto\" data-id=\"mailto:cdu-fraktion-hm@t-online.de\">cdu-fraktion-hm@t-online.de<\/a><\/strong><\/p>\n\n\n\n<p><strong> Rathausplatz 1 <br>31785 Hameln<\/strong><\/p>\n\n\n\n<p><\/p>\n","protected":false},"excerpt":{"rendered":"<p>CDU-Fraktion im Rat der Stadt Hameln &#8222;F\u00fcr unsere B\u00fcrger und unser lebens- und liebenswertes Hameln.&#8220; Unser Fraktionsb\u00fcro wird von unserem ehrenamtlichen Mitarbeiter Matthias Albrecht gef\u00fchrt und ist nicht zu festen Zeiten besetzt. F\u00fcr eine pers\u00f6nliche Terminabsprache und zur Kontaktaufnahme rufen Sie uns gern an! Telefon: 0 51 51 &#8211; 4 18 50Mobil: 0178 884 24&#8230;<\/p>\n<p class=\"more-link-wrap\"><a href=\"https:\/\/cdu-fraktion-hm.de\/wp\/?page_id=240\" class=\"more-link\">Read More<span class=\"screen-reader-text\"> &ldquo;Kontakt&rdquo;<\/span> &raquo;<\/a><\/p>\n","protected":false},"author":3,"featured_media":0,"parent":0,"menu_order":0,"comment_status":"closed","ping_status":"closed","template":"","meta":{"footnotes":""},"class_list":["post-240","page","type-page","status-publish","hentry"],"_links":{"self":[{"href":"https:\/\/cdu-fraktion-hm.de\/wp\/index.php?rest_route=\/wp\/v2\/pages\/240","targetHints":{"allow":["GET"]}}],"collection":[{"href":"https:\/\/cdu-fraktion-hm.de\/wp\/index.php?rest_route=\/wp\/v2\/pages"}],"about":[{"href":"https:\/\/cdu-fraktion-hm.de\/wp\/index.php?rest_route=\/wp\/v2\/types\/page"}],"author":[{"embeddable":true,"href":"https:\/\/cdu-fraktion-hm.de\/wp\/index.php?rest_route=\/wp\/v2\/users\/3"}],"replies":[{"embeddable":true,"href":"https:\/\/cdu-fraktion-hm.de\/wp\/index.php?rest_route=%2Fwp%2Fv2%2Fcomments&post=240"}],"version-history":[{"count":7,"href":"https:\/\/cdu-fraktion-hm.de\/wp\/index.php?rest_route=\/wp\/v2\/pages\/240\/revisions"}],"predecessor-version":[{"id":641,"href":"https:\/\/cdu-fraktion-hm.de\/wp\/index.php?rest_route=\/wp\/v2\/pages\/240\/revisions\/641"}],"wp:attachment":[{"href":"https:\/\/cdu-fraktion-hm.de\/wp\/index.php?rest_route=%2Fwp%2Fv2%2Fmedia&parent=240"}],"curies":[{"name":"wp","href":"https:\/\/api.w.org\/{rel}","templated":true}]}}